{"id":39,"date":"2023-02-14T13:33:07","date_gmt":"2023-02-14T13:33:07","guid":{"rendered":"https:\/\/quikstop.pt\/wp\/home-page\/"},"modified":"2023-02-24T16:16:40","modified_gmt":"2023-02-24T16:16:40","slug":"home-page","status":"publish","type":"page","link":"https:\/\/quikstop.pt\/wp\/","title":{"rendered":"Home Page"},"content":{"rendered":"<div id=\"pl-39\"  class=\"panel-layout\" ><div id=\"pg-39-0\"  class=\"panel-grid panel-no-style\" ><div id=\"pgc-39-0-0\"  class=\"panel-grid-cell\" ><div id=\"panel-39-0-0-0\" class=\"so-panel widget widget_sow-features panel-first-child panel-last-child\" data-index=\"0\" ><div\n\t\t\t\n\t\t\tclass=\"so-widget-sow-features so-widget-sow-features-default-846b43dbb4a1-39\"\n\t\t\t\n\t\t>\n<div class=\"sow-features-list sow-features-responsive\">\n\n\t\t\t\t\t\t\t\t\t<div\n\t\t\t\tclass=\"sow-features-feature sow-icon-container-position-top sow-features-feature-last-row\"\n\t\t\t\tstyle=\"display: flex; flex-direction: column; float: left; width: 25%;\"\n\t\t\t>\n\t\t\t\t\t\t\t<div class=\"sow-features-feature-right-left-container\" style=\"display: flex; flex-direction: inherit;\">\n\t\t\t\n\t\t\t\t\t\t\t\t<div\n\t\t\t\t\tclass=\"sow-icon-container sow-container-round\"\n\t\t\t\t\tstyle=\"color: #005004; \"\n\t\t\t\t\ttitle=\"Diagn\u00f3stico\">\n\t\t\t\t\t<div class=\"sow-icon-image\" style=\"background-image: url(https:\/\/quikstop.pt\/wp\/wp-content\/uploads\/2023\/02\/gb6b663f877ce46c380d725ad168ffbbdfe08d50ac772f872b0ffe92b419b1918fee3a1342854f09b763dc0136ce75599_1920.jpg); font-size: 24px\"><\/div>\t\t\t\t<\/div>\n\t\t\t\t\n\t\t\t\t<div class=\"textwidget\">\n\t\t\t\t\t\t\t\t\t\t\t<div class=\"sow-features-feature-content\">\n\t\t\t\t\t\n\t\t\t\t\t\t\t\t\t\t\t<h5>\n\t\t\t\t\t\t\t\n\t\t\t\t\t\t\tDiagn\u00f3stico\t\t\t\t\t\t\t\t\t\t\t\t\t<\/h5>\n\t\t\t\t\t\n\t\t\t\t\t\t\t\t\t\t\t<p>Diagn\u00f3stico da conformidade do seu carro com as especifica\u00e7\u00f5es da marca.<\/p>\n\t\t\t\t\t\n\t\t\t\t\t\t\t\t\t\t\t<\/div>\n\t\t\t\t\t\t<p class=\"sow-more-text\">\n\t\t\t\t\t\t\t<a href=\"https:\/\/quikstop.pt\/wp\/servicos\/\" >\t\t\t\t\t\t\tSaber mais...\t\t\t\t\t\t\t<\/a>\t\t\t\t\t\t<\/p>\n\t\t\t\t\t\t\t\t\t<\/div>\n\t\t\t\t\t\t\t\t\t<\/div>\n\t\t\t\t\t\t\t\t\n\t\t\t\t\t\t\t<\/div>\n\n\t\t\t\t\t\t\t\t<div\n\t\t\t\tclass=\"sow-features-feature sow-icon-container-position-top sow-features-feature-last-row\"\n\t\t\t\tstyle=\"display: flex; flex-direction: column; float: left; width: 25%;\"\n\t\t\t>\n\t\t\t\t\t\t\t<div class=\"sow-features-feature-right-left-container\" style=\"display: flex; flex-direction: inherit;\">\n\t\t\t\n\t\t\t\t\t\t\t\t<div\n\t\t\t\t\tclass=\"sow-icon-container sow-container-round\"\n\t\t\t\t\tstyle=\"color: #005004; \"\n\t\t\t\t\ttitle=\"Revisoes\">\n\t\t\t\t\t<div class=\"sow-icon-image\" style=\"background-image: url(https:\/\/quikstop.pt\/wp\/wp-content\/uploads\/2023\/02\/g0ed48ad857d34708812db367e1e1151a6e756330f3698c3c291dd2dd304b7aa78d3785d2c251d5921fa93d84e31cfd2e_1920.jpg); font-size: 24px\"><\/div>\t\t\t\t<\/div>\n\t\t\t\t\n\t\t\t\t<div class=\"textwidget\">\n\t\t\t\t\t\t\t\t\t\t\t<div class=\"sow-features-feature-content\">\n\t\t\t\t\t\n\t\t\t\t\t\t\t\t\t\t\t<h5>\n\t\t\t\t\t\t\t\n\t\t\t\t\t\t\tRevis\u00f5es programadas\t\t\t\t\t\t\t\t\t\t\t\t\t<\/h5>\n\t\t\t\t\t\n\t\t\t\t\t\t\t\t\t\t\t<p>Revis\u00f5es programadas conforme indica\u00e7\u00f5es da marca.<\/p>\n\t\t\t\t\t\n\t\t\t\t\t\t\t\t\t\t\t<\/div>\n\t\t\t\t\t\t<p class=\"sow-more-text\">\n\t\t\t\t\t\t\t<a href=\"https:\/\/quikstop.pt\/wp\/servicos\/\" >\t\t\t\t\t\t\tSaber mais...\t\t\t\t\t\t\t<\/a>\t\t\t\t\t\t<\/p>\n\t\t\t\t\t\t\t\t\t<\/div>\n\t\t\t\t\t\t\t\t\t<\/div>\n\t\t\t\t\t\t\t\t\n\t\t\t\t\t\t\t<\/div>\n\n\t\t\t\t\t\t\t\t<div\n\t\t\t\tclass=\"sow-features-feature sow-icon-container-position-top sow-features-feature-last-row\"\n\t\t\t\tstyle=\"display: flex; flex-direction: column; float: left; width: 25%;\"\n\t\t\t>\n\t\t\t\t\t\t\t<div class=\"sow-features-feature-right-left-container\" style=\"display: flex; flex-direction: inherit;\">\n\t\t\t\n\t\t\t\t\t\t\t\t<div\n\t\t\t\t\tclass=\"sow-icon-container sow-container-round\"\n\t\t\t\t\tstyle=\"color: #005004; \"\n\t\t\t\t\ttitle=\"Manuten\u00e7\u00e3o\">\n\t\t\t\t\t<div class=\"sow-icon-image\" style=\"background-image: url(https:\/\/quikstop.pt\/wp\/wp-content\/uploads\/2023\/02\/g7f13e0bd46d6325d4e9c2611427e45efa35a6c01f115aad1aa009afb73ebf81515ee13a9fcd490c0c7be541034cf0bab_1920.jpg); font-size: 24px\"><\/div>\t\t\t\t<\/div>\n\t\t\t\t\n\t\t\t\t<div class=\"textwidget\">\n\t\t\t\t\t\t\t\t\t\t\t<div class=\"sow-features-feature-content\">\n\t\t\t\t\t\n\t\t\t\t\t\t\t\t\t\t\t<h5>\n\t\t\t\t\t\t\t\n\t\t\t\t\t\t\tManuten\u00e7\u00e3o n\u00e3o programada\t\t\t\t\t\t\t\t\t\t\t\t\t<\/h5>\n\t\t\t\t\t\n\t\t\t\t\t\t\t\t\t\t\t<p>Manuten\u00e7\u00f5es n\u00e3o programadas e concertos diversos.<\/p>\n\t\t\t\t\t\n\t\t\t\t\t\t\t\t\t\t\t<\/div>\n\t\t\t\t\t\t<p class=\"sow-more-text\">\n\t\t\t\t\t\t\t<a href=\"https:\/\/quikstop.pt\/wp\/servicos\/\" >\t\t\t\t\t\t\tSaber mais...\t\t\t\t\t\t\t<\/a>\t\t\t\t\t\t<\/p>\n\t\t\t\t\t\t\t\t\t<\/div>\n\t\t\t\t\t\t\t\t\t<\/div>\n\t\t\t\t\t\t\t\t\n\t\t\t\t\t\t\t<\/div>\n\n\t\t\t\t\t\t\t\t<div\n\t\t\t\tclass=\"sow-features-feature sow-icon-container-position-top sow-features-feature-last-row\"\n\t\t\t\tstyle=\"display: flex; flex-direction: column; float: left; width: 25%;\"\n\t\t\t>\n\t\t\t\t\t\t\t<div class=\"sow-features-feature-right-left-container\" style=\"display: flex; flex-direction: inherit;\">\n\t\t\t\n\t\t\t\t\t\t\t\t<div\n\t\t\t\t\tclass=\"sow-icon-container sow-container-round\"\n\t\t\t\t\tstyle=\"color: #005004; \"\n\t\t\t\t\ttitle=\"Transporte\">\n\t\t\t\t\t<div class=\"sow-icon-image\" style=\"background-image: url(https:\/\/quikstop.pt\/wp\/wp-content\/uploads\/2023\/02\/g20604a9d9520fe26d6a85ae0168f639affc164b0ccdda045ab2725dd00dc29c25bbc79f29775749ac3656582f2e84d54_1920.jpg); font-size: 24px\"><\/div>\t\t\t\t<\/div>\n\t\t\t\t\n\t\t\t\t<div class=\"textwidget\">\n\t\t\t\t\t\t\t\t\t\t\t<div class=\"sow-features-feature-content\">\n\t\t\t\t\t\n\t\t\t\t\t\t\t\t\t\t\t<h5>\n\t\t\t\t\t\t\t\n\t\t\t\t\t\t\tTransporte\t\t\t\t\t\t\t\t\t\t\t\t\t<\/h5>\n\t\t\t\t\t\n\t\t\t\t\t\t\t\t\t\t\t<p>Recolha e entrega do seu carro conforme as suas indica\u00e7\u00f5es.<\/p>\n\t\t\t\t\t\n\t\t\t\t\t\t\t\t\t\t\t<\/div>\n\t\t\t\t\t\t<p class=\"sow-more-text\">\n\t\t\t\t\t\t\t<a href=\"https:\/\/quikstop.pt\/wp\/servicos\/\" >\t\t\t\t\t\t\tSaber mais\t\t\t\t\t\t\t<\/a>\t\t\t\t\t\t<\/p>\n\t\t\t\t\t\t\t\t\t<\/div>\n\t\t\t\t\t\t\t\t\t<\/div>\n\t\t\t\t\t\t\t\t\n\t\t\t\t\t\t\t<\/div>\n\n\t\t\t\n<\/div>\n<\/div><\/div><\/div><\/div><div id=\"pg-39-1\"  class=\"panel-grid panel-no-style\" ><div id=\"pgc-39-1-0\"  class=\"panel-grid-cell\" ><div id=\"panel-39-1-0-0\" class=\"so-panel widget widget_sow-cta panel-first-child panel-last-child\" data-index=\"1\" ><div\n\t\t\t\n\t\t\tclass=\"so-widget-sow-cta so-widget-sow-cta-default-1881931e194a-39\"\n\t\t\t\n\t\t><div class=\"sow-cta-base\">\n\n\t<div class=\"sow-cta-wrapper\">\n\n\t\t<div class=\"sow-cta-text\">\n\t\t\t<h4 class=\"sow-cta-title\">Visite-nos<\/h4>\n\t\t\t<h5 class=\"sow-cta-subtitle\">fa\u00e7a a sua marca\u00e7\u00e3o<\/h5>\n\t\t<\/div>\n\n\t\t<div\n\t\t\t\n\t\t\tclass=\"so-widget-sow-button so-widget-sow-button-atom-6dd647e1de71\"\n\t\t\t\n\t\t><div class=\"ow-button-base ow-button-align-center\">\n\t<a\n\thref=\"https:\/\/quikstop.pt\/wp\/contatos\/\"\n\t\tclass=\"ow-icon-placement-left ow-button-hover\" \t>\n\t\t<span>\n\t\t\t<span class=\"sow-icon-fontawesome sow-far\" data-sow-icon=\"&#xf073;\"\n\t\tstyle=\"color: #ffdd02\" \n\t\taria-hidden=\"true\"><\/span>\n\t\t\tMarcar\t\t<\/span>\n\t<\/a>\n<\/div>\n<\/div>\n\t<\/div>\n\n<\/div>\n<\/div><\/div><\/div><\/div><div id=\"pg-39-2\"  class=\"panel-grid panel-no-style\" ><div id=\"pgc-39-2-0\"  class=\"panel-grid-cell\" ><div id=\"panel-39-2-0-0\" class=\"so-panel widget widget_sow-image-grid panel-first-child panel-last-child\" data-index=\"2\" ><div\n\t\t\t\n\t\t\tclass=\"so-widget-sow-image-grid so-widget-sow-image-grid-default-0d1da0070fc5-39\"\n\t\t\t\n\t\t>\t<div\n\t\tclass=\"sow-image-grid-wrapper\"\n\t\t\t\t\t>\n\t\t\t\t\t<div class=\"sow-image-grid-image\">\n\t\t\t\t\t\t\t\t\t\t\t\t<img decoding=\"async\" width=\"300\" height=\"200\" src=\"https:\/\/quikstop.pt\/wp\/wp-content\/uploads\/2023\/02\/Quik-Stop20230213_0372-300x200.jpg\" class=\"sow-image-grid-image_html\" alt=\"\" title=\"Porsche 911\" loading=\"lazy\" srcset=\"https:\/\/quikstop.pt\/wp\/wp-content\/uploads\/2023\/02\/Quik-Stop20230213_0372-300x200.jpg 300w, https:\/\/quikstop.pt\/wp\/wp-content\/uploads\/2023\/02\/Quik-Stop20230213_0372-1024x683.jpg 1024w, https:\/\/quikstop.pt\/wp\/wp-content\/uploads\/2023\/02\/Quik-Stop20230213_0372-768x512.jpg 768w, https:\/\/quikstop.pt\/wp\/wp-content\/uploads\/2023\/02\/Quik-Stop20230213_0372-1536x1024.jpg 1536w, https:\/\/quikstop.pt\/wp\/wp-content\/uploads\/2023\/02\/Quik-Stop20230213_0372-2048x1365.jpg 2048w, https:\/\/quikstop.pt\/wp\/wp-content\/uploads\/2023\/02\/Quik-Stop20230213_0372-272x182.jpg 272w\" sizes=\"auto, (max-width: 300px) 100vw, 300px\" \/>\t\t\t\t\t\t\t\t\t\t\t<\/div>\n\t\t\t\t\t<div class=\"sow-image-grid-image\">\n\t\t\t\t\t\t\t\t\t\t\t\t<img decoding=\"async\" width=\"300\" height=\"200\" src=\"https:\/\/quikstop.pt\/wp\/wp-content\/uploads\/2023\/02\/159376771_281681716729277_3368017773583924761_n-300x200.jpg\" class=\"sow-image-grid-image_html\" alt=\"\" title=\"Bentley\" loading=\"lazy\" srcset=\"https:\/\/quikstop.pt\/wp\/wp-content\/uploads\/2023\/02\/159376771_281681716729277_3368017773583924761_n-300x200.jpg 300w, https:\/\/quikstop.pt\/wp\/wp-content\/uploads\/2023\/02\/159376771_281681716729277_3368017773583924761_n-1024x683.jpg 1024w, https:\/\/quikstop.pt\/wp\/wp-content\/uploads\/2023\/02\/159376771_281681716729277_3368017773583924761_n-768x512.jpg 768w, https:\/\/quikstop.pt\/wp\/wp-content\/uploads\/2023\/02\/159376771_281681716729277_3368017773583924761_n-1536x1025.jpg 1536w, https:\/\/quikstop.pt\/wp\/wp-content\/uploads\/2023\/02\/159376771_281681716729277_3368017773583924761_n-272x182.jpg 272w, https:\/\/quikstop.pt\/wp\/wp-content\/uploads\/2023\/02\/159376771_281681716729277_3368017773583924761_n.jpg 1800w\" sizes=\"auto, (max-width: 300px) 100vw, 300px\" \/>\t\t\t\t\t\t\t\t\t\t\t<\/div>\n\t\t\t\t\t<div class=\"sow-image-grid-image\">\n\t\t\t\t\t\t\t\t\t\t\t\t<img decoding=\"async\" width=\"300\" height=\"200\" src=\"https:\/\/quikstop.pt\/wp\/wp-content\/uploads\/2023\/02\/IMG_3612-300x200.jpg\" class=\"sow-image-grid-image_html\" alt=\"\" title=\"Porsche 911\" loading=\"lazy\" srcset=\"https:\/\/quikstop.pt\/wp\/wp-content\/uploads\/2023\/02\/IMG_3612-300x200.jpg 300w, https:\/\/quikstop.pt\/wp\/wp-content\/uploads\/2023\/02\/IMG_3612-1024x681.jpg 1024w, https:\/\/quikstop.pt\/wp\/wp-content\/uploads\/2023\/02\/IMG_3612-768x511.jpg 768w, https:\/\/quikstop.pt\/wp\/wp-content\/uploads\/2023\/02\/IMG_3612-1536x1022.jpg 1536w, https:\/\/quikstop.pt\/wp\/wp-content\/uploads\/2023\/02\/IMG_3612-2048x1362.jpg 2048w, https:\/\/quikstop.pt\/wp\/wp-content\/uploads\/2023\/02\/IMG_3612-272x182.jpg 272w, https:\/\/quikstop.pt\/wp\/wp-content\/uploads\/2023\/02\/IMG_3612-720x480.jpg 720w, https:\/\/quikstop.pt\/wp\/wp-content\/uploads\/2023\/02\/IMG_3612-950x630.jpg 950w\" sizes=\"auto, (max-width: 300px) 100vw, 300px\" \/>\t\t\t\t\t\t\t\t\t\t\t<\/div>\n\t\t\t\t\t<div class=\"sow-image-grid-image\">\n\t\t\t\t\t\t\t\t\t\t\t\t<img decoding=\"async\" width=\"300\" height=\"200\" src=\"https:\/\/quikstop.pt\/wp\/wp-content\/uploads\/2023\/02\/IMG20230224111311-300x200.jpg\" class=\"sow-image-grid-image_html\" alt=\"\" title=\"McLaren 570GT\" loading=\"lazy\" srcset=\"https:\/\/quikstop.pt\/wp\/wp-content\/uploads\/2023\/02\/IMG20230224111311-300x200.jpg 300w, https:\/\/quikstop.pt\/wp\/wp-content\/uploads\/2023\/02\/IMG20230224111311-1024x683.jpg 1024w, https:\/\/quikstop.pt\/wp\/wp-content\/uploads\/2023\/02\/IMG20230224111311-768x512.jpg 768w, https:\/\/quikstop.pt\/wp\/wp-content\/uploads\/2023\/02\/IMG20230224111311-1536x1024.jpg 1536w, https:\/\/quikstop.pt\/wp\/wp-content\/uploads\/2023\/02\/IMG20230224111311-2048x1365.jpg 2048w, https:\/\/quikstop.pt\/wp\/wp-content\/uploads\/2023\/02\/IMG20230224111311-272x182.jpg 272w, https:\/\/quikstop.pt\/wp\/wp-content\/uploads\/2023\/02\/IMG20230224111311-720x480.jpg 720w, https:\/\/quikstop.pt\/wp\/wp-content\/uploads\/2023\/02\/IMG20230224111311-950x630.jpg 950w\" sizes=\"auto, (max-width: 300px) 100vw, 300px\" \/>\t\t\t\t\t\t\t\t\t\t\t<\/div>\n\t\t\t\t\t<div class=\"sow-image-grid-image\">\n\t\t\t\t\t\t\t\t\t\t\t\t<img decoding=\"async\" width=\"300\" height=\"197\" src=\"https:\/\/quikstop.pt\/wp\/wp-content\/uploads\/2023\/02\/IMG_3930-300x197.jpg\" class=\"sow-image-grid-image_html\" alt=\"\" title=\"McLaren \" loading=\"lazy\" srcset=\"https:\/\/quikstop.pt\/wp\/wp-content\/uploads\/2023\/02\/IMG_3930-300x197.jpg 300w, https:\/\/quikstop.pt\/wp\/wp-content\/uploads\/2023\/02\/IMG_3930-1024x673.jpg 1024w, https:\/\/quikstop.pt\/wp\/wp-content\/uploads\/2023\/02\/IMG_3930-768x505.jpg 768w, https:\/\/quikstop.pt\/wp\/wp-content\/uploads\/2023\/02\/IMG_3930-1536x1010.jpg 1536w, https:\/\/quikstop.pt\/wp\/wp-content\/uploads\/2023\/02\/IMG_3930-2048x1346.jpg 2048w\" sizes=\"auto, (max-width: 300px) 100vw, 300px\" \/>\t\t\t\t\t\t\t\t\t\t\t<\/div>\n\t\t\t\t\t<div class=\"sow-image-grid-image\">\n\t\t\t\t\t\t\t\t\t\t\t\t<img decoding=\"async\" width=\"300\" height=\"200\" src=\"https:\/\/quikstop.pt\/wp\/wp-content\/uploads\/2023\/02\/IMG_3818-300x200.jpg\" class=\"sow-image-grid-image_html\" alt=\"\" title=\"McLaren 570SGT3\" loading=\"lazy\" srcset=\"https:\/\/quikstop.pt\/wp\/wp-content\/uploads\/2023\/02\/IMG_3818-300x200.jpg 300w, https:\/\/quikstop.pt\/wp\/wp-content\/uploads\/2023\/02\/IMG_3818-1024x683.jpg 1024w, https:\/\/quikstop.pt\/wp\/wp-content\/uploads\/2023\/02\/IMG_3818-768x512.jpg 768w, https:\/\/quikstop.pt\/wp\/wp-content\/uploads\/2023\/02\/IMG_3818-1536x1024.jpg 1536w, https:\/\/quikstop.pt\/wp\/wp-content\/uploads\/2023\/02\/IMG_3818-2048x1365.jpg 2048w, https:\/\/quikstop.pt\/wp\/wp-content\/uploads\/2023\/02\/IMG_3818-272x182.jpg 272w, https:\/\/quikstop.pt\/wp\/wp-content\/uploads\/2023\/02\/IMG_3818-720x480.jpg 720w, https:\/\/quikstop.pt\/wp\/wp-content\/uploads\/2023\/02\/IMG_3818-950x630.jpg 950w\" sizes=\"auto, (max-width: 300px) 100vw, 300px\" \/>\t\t\t\t\t\t\t\t\t\t\t<\/div>\n\t\t\t<\/div>\n<\/div><\/div><\/div><\/div><div id=\"pg-39-3\"  class=\"panel-grid panel-no-style\" ><div id=\"pgc-39-3-0\"  class=\"panel-grid-cell\" ><div id=\"panel-39-3-0-0\" class=\"so-panel widget widget_sow-image-grid panel-first-child panel-last-child\" data-index=\"3\" ><div\n\t\t\t\n\t\t\tclass=\"so-widget-sow-image-grid so-widget-sow-image-grid-default-0d1da0070fc5-39\"\n\t\t\t\n\t\t>\t<div\n\t\tclass=\"sow-image-grid-wrapper\"\n\t\t\t\t\t>\n\t\t\t\t\t<div class=\"sow-image-grid-image\">\n\t\t\t\t\t\t\t\t\t\t\t\t\t<a href=\"https:\/\/ritmoseblues.pt\/\"\n\t\t\t\t\t\t\t\t\t\t\t\t\t\t\t\t\t\ttarget=\"_blank\" \t\t\t\t\t\t\t\t\t\t\t\t\t\t\t\t\t\t\t\t\t\t\t\trel=\"noopener noreferrer\" \t\t\t\t\t\t\t\t\t\t\t>\n\t\t\t\t\t\t\t\t<img decoding=\"async\" width=\"148\" height=\"132\" src=\"https:\/\/quikstop.pt\/wp\/wp-content\/uploads\/2023\/02\/RB-logo.jpg\" class=\"sow-image-grid-image_html\" alt=\"\" title=\"RB logo\" loading=\"lazy\" \/>\t\t\t\t\t\t\t\t\t<\/a>\n\t\t\t\t\t\t\t\t\t\t\t<\/div>\n\t\t\t\t\t<div class=\"sow-image-grid-image\">\n\t\t\t\t\t\t\t\t\t\t\t\t\t<a href=\"https:\/\/blueticket.meo.pt\/\"\n\t\t\t\t\t\t\t\t\t\t\t\t\t\t\t\t\t\ttarget=\"_blank\" \t\t\t\t\t\t\t\t\t\t\t\t\t\t\t\t\t\t\t\t\t\t\t\trel=\"noopener noreferrer\" \t\t\t\t\t\t\t\t\t\t\t>\n\t\t\t\t\t\t\t\t<img decoding=\"async\" width=\"249\" height=\"132\" src=\"https:\/\/quikstop.pt\/wp\/wp-content\/uploads\/2023\/02\/Logo-Meo-BT.jpg\" class=\"sow-image-grid-image_html\" alt=\"\" title=\"Logo Meo BT\" loading=\"lazy\" \/>\t\t\t\t\t\t\t\t\t<\/a>\n\t\t\t\t\t\t\t\t\t\t\t<\/div>\n\t\t\t\t\t<div class=\"sow-image-grid-image\">\n\t\t\t\t\t\t\t\t\t\t\t\t<img decoding=\"async\" width=\"300\" height=\"94\" src=\"https:\/\/quikstop.pt\/wp\/wp-content\/uploads\/2023\/02\/Altice-Arena-e1676550500112-300x94.jpg\" class=\"sow-image-grid-image_html\" alt=\"\" title=\"Altice Arena\" loading=\"lazy\" srcset=\"https:\/\/quikstop.pt\/wp\/wp-content\/uploads\/2023\/02\/Altice-Arena-e1676550500112-300x94.jpg 300w, https:\/\/quikstop.pt\/wp\/wp-content\/uploads\/2023\/02\/Altice-Arena-e1676550500112.jpg 419w\" sizes=\"auto, (max-width: 300px) 100vw, 300px\" \/>\t\t\t\t\t\t\t\t\t\t\t<\/div>\n\t\t\t\t\t<div class=\"sow-image-grid-image\">\n\t\t\t\t\t\t\t\t\t\t\t\t\t<a href=\"https:\/\/araujocompeticao.pt\"\n\t\t\t\t\t\t\t\t\t\t\t\t\t\t\t\t\t\ttarget=\"_blank\" \t\t\t\t\t\t\t\t\t\t\t\t\t\t\t\t\t\t\t\t\t\t\t\trel=\"noopener noreferrer\" \t\t\t\t\t\t\t\t\t\t\t>\n\t\t\t\t\t\t\t\t<img decoding=\"async\" width=\"300\" height=\"63\" src=\"https:\/\/quikstop.pt\/wp\/wp-content\/uploads\/2023\/02\/cropped-LogoARAUJO-Novo-1-300x63.jpg\" class=\"sow-image-grid-image_html\" alt=\"\" title=\"Ara\u00fajo Competi\u00e7\u00e3o\" loading=\"lazy\" srcset=\"https:\/\/quikstop.pt\/wp\/wp-content\/uploads\/2023\/02\/cropped-LogoARAUJO-Novo-1-300x63.jpg 300w, https:\/\/quikstop.pt\/wp\/wp-content\/uploads\/2023\/02\/cropped-LogoARAUJO-Novo-1-768x160.jpg 768w, https:\/\/quikstop.pt\/wp\/wp-content\/uploads\/2023\/02\/cropped-LogoARAUJO-Novo-1.jpg 777w\" sizes=\"auto, (max-width: 300px) 100vw, 300px\" \/>\t\t\t\t\t\t\t\t\t<\/a>\n\t\t\t\t\t\t\t\t\t\t\t<\/div>\n\t\t\t<\/div>\n<\/div><\/div><\/div><\/div><\/div>","protected":false},"excerpt":{"rendered":"<p>Diagn\u00f3stico Diagn\u00f3stico da conformidade do seu carro com as especifica\u00e7\u00f5es da marca. Saber mais&#8230; Revis\u00f5es programadas Revis\u00f5es programadas conforme indica\u00e7\u00f5es da marca. Saber mais&#8230; Manuten\u00e7\u00e3o n\u00e3o programada Manuten\u00e7\u00f5es n\u00e3o programadas e concertos diversos. Saber mais&#8230; Transporte Recolha e entrega do seu carro conforme as suas indica\u00e7\u00f5es. Saber mais Visite-nos fa\u00e7a a sua marca\u00e7\u00e3o Marcar<\/p>\n","protected":false},"author":1,"featured_media":0,"parent":0,"menu_order":0,"comment_status":"closed","ping_status":"closed","template":"home-panels.php","meta":{"footnotes":""},"class_list":["post-39","page","type-page","status-publish","hentry","post"],"_links":{"self":[{"href":"https:\/\/quikstop.pt\/wp\/wp-json\/wp\/v2\/pages\/39","targetHints":{"allow":["GET"]}}],"collection":[{"href":"https:\/\/quikstop.pt\/wp\/wp-json\/wp\/v2\/pages"}],"about":[{"href":"https:\/\/quikstop.pt\/wp\/wp-json\/wp\/v2\/types\/page"}],"author":[{"embeddable":true,"href":"https:\/\/quikstop.pt\/wp\/wp-json\/wp\/v2\/users\/1"}],"replies":[{"embeddable":true,"href":"https:\/\/quikstop.pt\/wp\/wp-json\/wp\/v2\/comments?post=39"}],"version-history":[{"count":18,"href":"https:\/\/quikstop.pt\/wp\/wp-json\/wp\/v2\/pages\/39\/revisions"}],"predecessor-version":[{"id":186,"href":"https:\/\/quikstop.pt\/wp\/wp-json\/wp\/v2\/pages\/39\/revisions\/186"}],"wp:attachment":[{"href":"https:\/\/quikstop.pt\/wp\/wp-json\/wp\/v2\/media?parent=39"}],"curies":[{"name":"wp","href":"https:\/\/api.w.org\/{rel}","templated":true}]}}